{"id":7,"date":"2021-06-19T15:40:13","date_gmt":"2021-06-19T13:40:13","guid":{"rendered":"https:\/\/amatsuchidojo.wordpress.com\/?page_id=6"},"modified":"2024-08-17T15:06:45","modified_gmt":"2024-08-17T15:06:45","slug":"home","status":"publish","type":"page","link":"https:\/\/www.amatsuchi.be\/","title":{"rendered":"Accueil"},"content":{"rendered":"\n<figure class=\"wp-block-image alignfull size-full\"><img loading=\"lazy\" decoding=\"async\" width=\"2048\" height=\"1365\" src=\"https:\/\/www.amatsuchi.be\/wp-content\/uploads\/2021\/06\/entree1siteamatsuchidojo-2.png\" alt=\"\" class=\"wp-image-48\"\/><\/figure>\n\n\n\n<p><strong>A\u00cfKIDO<\/strong><\/p>\n\n\n\n<ul class=\"wp-block-list\">\n<li><strong>ART MARTIAL JAPONAIS <\/strong><\/li>\n<\/ul>\n\n\n\n<ul class=\"wp-block-list\">\n<li><strong>SANS COMPETITION<\/strong><\/li>\n<\/ul>\n\n\n\n<ul class=\"wp-block-list\">\n<li><strong>ACCESSIBLE A TOUS<\/strong><\/li>\n<\/ul>\n\n\n\n<figure class=\"wp-block-image alignfull size-full\"><img loading=\"lazy\" decoding=\"async\" width=\"4258\" height=\"376\" src=\"https:\/\/www.amatsuchi.be\/wp-content\/uploads\/2021\/06\/fondsnoir-3.png\" alt=\"\" class=\"wp-image-249\"\/><\/figure>\n\n\n\n<p class=\"has-text-align-center\"><strong>UN PEU D&#8217;HISTOIRE :<\/strong><\/p>\n\n\n\n<figure class=\"wp-block-image alignfull size-full is-style-default\"><img loading=\"lazy\" decoding=\"async\" width=\"2070\" height=\"621\" src=\"https:\/\/www.amatsuchi.be\/wp-content\/uploads\/2021\/06\/entree6siteamatsuchidojo-6.png\" alt=\"\" class=\"wp-image-285\"\/><\/figure>\n\n\n\n<p class=\"has-background-color has-text-color has-background\" style=\"background-color:#612866\"><strong>MORIHEI UESHIBA<\/strong><\/p>\n\n\n\n<figure class=\"wp-block-image size-medium is-resized\"><img loading=\"lazy\" decoding=\"async\" width=\"800\" height=\"962\" src=\"https:\/\/www.amatsuchi.be\/wp-content\/uploads\/2021\/06\/entree9siteamatsuchidojo.png?w=249\" alt=\"\" class=\"wp-image-209\" style=\"width:249px;height:299px\"\/><\/figure>\n\n\n\n<p class=\"has-background-background-color has-background\">L\u2019A\u00efkido a \u00e9t\u00e9 fond\u00e9 par Morihei Ueshiba.<\/p>\n\n\n\n<p class=\"has-background-background-color has-background\">N\u00e9 le 14 d\u00e9cembre 1883, il \u00e9tait de faible constitution, souvent malade et tr\u00e8s nerveux. D\u00e8s son plus jeune \u00e2ge, il fut fortement attir\u00e9 par la religion. Ses parents l\u2019encourag\u00e8rent \u00e0 poursuivre des activit\u00e9s physiques, telles que le Sumo et la natation afin d\u2019\u00e9quilibrer cette tendance. A vingt ans, il se rend \u00e0 Tokyo et passe ses soir\u00e9es \u00e0 \u00e9tudier les anciennes techniques de Jiu-Jitsu, en particulier celles de l\u2019\u00c9cole Kito, sous la direction du Ma\u00eetre Tozawa. Parall\u00e8lement, il pratique le Ken-Jutsu (sabre) dans un dojo de Shinkage Ryu (Ecole Shinkage).<\/p>\n\n\n<div class=\"wp-block-image\">\n<figure class=\"aligncenter size-large\"><a href=\"https:\/\/www.amatsuchi.be\/?p=387\"><img loading=\"lazy\" decoding=\"async\" width=\"69\" height=\"67\" src=\"https:\/\/www.amatsuchi.be\/wp-content\/uploads\/2021\/07\/flechebasdroit.png?w=69\" alt=\"\" class=\"wp-image-394\"\/><\/a><\/figure>\n<\/div>\n\n\n<p class=\"has-text-align-center has-small-font-size\"><strong>Lire la suite &#8230;<\/strong><\/p>\n\n\n\n<p class=\"has-background-color has-text-color has-background has-normal-font-size\" style=\"background-color:#612866\"><strong>NOBUYOSHI TAMURA<\/strong><\/p>\n\n\n\n<figure class=\"wp-block-image size-large\"><img loading=\"lazy\" decoding=\"async\" width=\"284\" height=\"420\" src=\"https:\/\/www.amatsuchi.be\/wp-content\/uploads\/2021\/06\/tamura1.jpg?w=284\" alt=\"\" class=\"wp-image-216\"\/><\/figure>\n\n\n\n<p class=\"has-background-background-color has-background\">Nobuyoshi TAMURA est n\u00e9 le 2 mars 1933 \u00e0 Osaka.<\/p>\n\n\n\n<p class=\"has-background-background-color has-background\">Il d\u00e9bute la pratique du Judo et surtout du Kendo au coll\u00e8ge, sous la direction d\u2019un ami de son p\u00e8re, lui-m\u00eame enseignant de cet art.<\/p>\n\n\n\n<p class=\"has-background-background-color has-background\">Particuli\u00e8rement attir\u00e9 par le Zen durant sa jeunesse, il devient adepte de la macrobiotique fond\u00e9e par Georges OHSAWA.<\/p>\n\n\n<div class=\"wp-block-image\">\n<figure class=\"aligncenter size-large\"><a href=\"https:\/\/www.amatsuchi.be\/?p=399\"><img loading=\"lazy\" decoding=\"async\" width=\"69\" height=\"67\" src=\"https:\/\/www.amatsuchi.be\/wp-content\/uploads\/2021\/07\/flechebasdroit.png?w=69\" alt=\"\" class=\"wp-image-394\"\/><\/a><\/figure>\n<\/div>\n\n\n<p class=\"has-text-align-center has-small-font-size\"><strong>Lire la suite &#8230;<\/strong><\/p>\n\n\n\n<p class=\"has-background-color has-text-color has-background has-normal-font-size\" style=\"background-color:#612866\"><strong>SEIICHI SUGANO<\/strong><\/p>\n\n\n\n<figure class=\"wp-block-image size-large\"><img loading=\"lazy\" decoding=\"async\" width=\"523\" height=\"420\" src=\"https:\/\/www.amatsuchi.be\/wp-content\/uploads\/2021\/06\/sugano1.jpg?w=523\" alt=\"\" class=\"wp-image-219\"\/><\/figure>\n\n\n\n<p class=\"has-background-background-color has-background\">N\u00e9 au Japon \u00e0 Hokkaido, &nbsp;le 17 d\u00e9cembre 1939.<\/p>\n\n\n\n<p class=\"has-background-background-color has-background\">Seiichi SUGANO est n\u00e9 le 17 d\u00e9cembre 1939 \u00e0 Otaru, un port japonais situ\u00e9 sur l&#8217;\u00eele d&#8217;Hokkaido.<\/p>\n\n\n\n<p class=\"has-background-background-color has-background\">Durant sa jeunesse, Seiichi \u00e9tudie le Judo. Afin de parfaire son entra\u00eenement, il d\u00e9m\u00e9nage \u00e0 Tokyo et int\u00e8gre le Kodokan Dojo de Ma\u00eetre Jigoro KANO.<\/p>\n\n\n\n<p class=\"has-background-background-color has-background\">C\u2019est \u00e0 la lecture d\u2019un magazine qu\u2019il d\u00e9couvre l\u2019A\u00efkido en 1957. Attir\u00e9 par le c\u00f4t\u00e9 presque religieux du fondateur, il s\u2019inscrit aussit\u00f4t \u00e0 l&#8217;A\u00efkika\u00ef Hombu Dojo. Il a tout juste 18 ans.<\/p>\n\n\n<div class=\"wp-block-image\">\n<figure class=\"aligncenter size-large\"><a href=\"https:\/\/www.amatsuchi.be\/?p=403\"><img loading=\"lazy\" decoding=\"async\" width=\"69\" height=\"67\" src=\"https:\/\/www.amatsuchi.be\/wp-content\/uploads\/2021\/07\/flechebasdroit.png?w=69\" alt=\"\" class=\"wp-image-394\"\/><\/a><\/figure>\n<\/div>\n\n\n<p class=\"has-text-align-center has-small-font-size\"><strong>Lire la suite &#8230;<\/strong><\/p>\n\n\n\n<figure class=\"wp-block-image alignfull size-large\"><img loading=\"lazy\" decoding=\"async\" width=\"2048\" height=\"1365\" src=\"https:\/\/www.amatsuchi.be\/wp-content\/uploads\/2021\/07\/entree22siteamatsuchidojo.png\" alt=\"\" class=\"wp-image-526\"\/><\/figure>\n\n\n\n<p class=\"has-background-color has-text-color has-background\" style=\"background-color:#612866\"><strong>A\u00cfKIDO A TOURNAI<\/strong><\/p>\n\n\n<div class=\"wp-block-image\">\n<figure class=\"aligncenter size-full is-resized\"><img loading=\"lazy\" decoding=\"async\" width=\"233\" height=\"349\" src=\"https:\/\/www.amatsuchi.be\/wp-content\/uploads\/2021\/06\/metin.jpg\" alt=\"\" class=\"wp-image-294\" style=\"width:233px;height:349px\"\/><\/figure>\n<\/div>\n\n\n<p class=\"has-text-align-center\"><strong>Mr Bayraktar<\/strong><\/p>\n\n\n\n<p><\/p>\n\n\n\n<p>Le club d\u2019a\u00efkido de Tournai vit le jour en septembre 2002, \u00e0 l\u2019initiative&nbsp; de Mr Bayraktar, \u00e9l\u00e8ve de Sugano Shihan de longue date et 2eme Dan a\u00efkikai \u00e0 l\u2019\u00e9poque.<\/p>\n\n\n\n<p>De par son int\u00e9r\u00eat passionnel pour la pratique, Mr Bayraktar a vu le nombre de ses \u00e9l\u00e8ves s\u2019accro\u00eetre tant chez les adultes que chez les enfants, ce qui l\u2019obligea 6 mois plus tard \u00e0 ouvrir une section enfants. Cette section enfants existe toujours.<\/p>\n\n\n\n<p>Comme le veut la tradition, l\u2019\u00e9cole fut baptis\u00e9e par un sensei, en l&#8217;occurence Ma\u00eetre Sugano,  du nom d&#8217; \u00ab&nbsp;AMA TSU CHI&nbsp;\u00bb, ce qui veut&nbsp; dire \u00ab&nbsp;ciel\/terre&nbsp;\u00bb, principe qui revenait r\u00e9guli\u00e8rement dans l\u2019enseignement de Ma\u00eetre Sugano.<\/p>\n\n\n\n<p>L\u2019AMA TSU CHI de Tournai s\u2019est efforc\u00e9 pendant toutes ces ann\u00e9es de suivre les enseignements de Ma\u00eetre Tamura et de Ma\u00eetre Sugano et de leurs \u00e9l\u00e8ves les plus fid\u00e8les, non sans s\u2019ouvrir \u00e0 d\u2019autres styles ou \u00e9coles.<\/p>\n\n\n\n<p>Depuis 2022, Olivier Bayot a repris le r\u00f4le de dojocho. Il est le professeur principale du cours adultes. Il est aussi assist\u00e9 par Antoire Van Der Cruyssen. Antoine est aussi le professeur du cours enfants.<\/p>\n\n\n\n<p>Lors de la r\u00e9daction de ces lignes, l\u2019AMA TSU CHI affichait un Palmares comptant 1 ceinture noire 4eme Dan A\u00efkikai, 1 ceinture noire 2e Dan A\u00efkikai,\u00a0 3 ceintures noires 1er Dan A\u00efkikai et bon nombre de ceintures inf\u00e9rieures \u00e0 la noire mais qui, avec le temps, viendront \u00e9toffer le nombre de ceintures gratifi\u00e9es de Dan.<\/p>\n\n\n\n<figure class=\"wp-block-image alignfull size-full\"><img loading=\"lazy\" decoding=\"async\" width=\"4258\" height=\"376\" src=\"https:\/\/www.amatsuchi.be\/wp-content\/uploads\/2021\/06\/fondsnoir-3.png\" alt=\"\" class=\"wp-image-249\"\/><\/figure>\n\n\n\n<p class=\"has-text-align-center has-background-color has-text-color has-background\" style=\"background-color:#612866\"><strong>A\u00cfKIDO, L&#8217;ART DE LA PAIX<\/strong><\/p>\n\n\n\n<p class=\"has-text-align-center\"><span style=\"text-decoration:underline;\">une pr\u00e9sentation par<\/span> <\/p>\n\n\n\n<p class=\"has-text-align-center\"><strong>Louis Van Thieghem Shihan, <\/strong><\/p>\n\n\n\n<p class=\"has-text-align-center\"><strong>Metin Bayraktar <\/strong><\/p>\n\n\n\n<p class=\"has-text-align-center\">et<\/p>\n\n\n\n<p class=\"has-text-align-center\"><strong> Olivier Bayot.<\/strong><\/p>\n\n\n<div class=\"wp-block-image\">\n<figure class=\"aligncenter size-large\"><a href=\"https:\/\/soundcloud.com\/user-467269750\/aikido-lart-de-la-paix-ama-tsu-chi-tournai\" target=\"_blank\" rel=\"noopener\"><img loading=\"lazy\" decoding=\"async\" width=\"102\" height=\"102\" src=\"https:\/\/www.amatsuchi.be\/wp-content\/uploads\/2021\/07\/logosoundcloud.png?w=102\" alt=\"\" class=\"wp-image-449\"\/><\/a><\/figure>\n<\/div>\n\n\n<p class=\"has-text-align-center has-small-font-size\">(PODCAST SOUNDCLOUD)<\/p>\n\n\n\n<figure class=\"wp-block-image alignfull size-full\"><img loading=\"lazy\" decoding=\"async\" width=\"2048\" height=\"1365\" src=\"https:\/\/www.amatsuchi.be\/wp-content\/uploads\/2021\/07\/entree10siteamatsuchidojo-1.png\" alt=\"\" class=\"wp-image-472\"\/><\/figure>\n\n\n\n<figure class=\"wp-block-image alignfull size-large\"><img loading=\"lazy\" decoding=\"async\" width=\"4258\" height=\"376\" src=\"https:\/\/www.amatsuchi.be\/wp-content\/uploads\/2021\/06\/fondsnoir-3.png\" alt=\"\" class=\"wp-image-249\"\/><\/figure>\n\n\n\n<p><\/p>\n\n\n<div class=\"wp-block-image\">\n<figure class=\"aligncenter size-large\"><img loading=\"lazy\" decoding=\"async\" width=\"105\" height=\"118\" src=\"https:\/\/www.amatsuchi.be\/wp-content\/uploads\/2021\/07\/logohorizontalfacebookamatsuchi.png\" alt=\"\" class=\"wp-image-643\"\/><\/figure>\n<\/div>\n\n\n<div class=\"wp-block-jetpack-layout-grid alignfull column1-desktop-grid__span-3 column1-desktop-grid__start-4 column1-desktop-grid__row-1 column2-desktop-grid__span-3 column2-desktop-grid__start-7 column2-desktop-grid__row-1 column1-tablet-grid__span-4 column1-tablet-grid__row-1 column2-tablet-grid__span-4 column2-tablet-grid__start-5 column2-tablet-grid__row-1 column1-mobile-grid__span-4 column1-mobile-grid__row-1 column2-mobile-grid__span-4 column2-mobile-grid__row-2\">\n<div class=\"wp-block-jetpack-layout-grid-column wp-block-jetpack-layout-grid__padding-none\"><div class=\"wp-block-image\">\n<figure class=\"aligncenter size-large is-resized\"><a href=\"https:\/\/www.facebook.com\/amatsuchijunior\/\" target=\"_blank\" rel=\"noopener\"><img loading=\"lazy\" decoding=\"async\" width=\"212\" height=\"188\" src=\"https:\/\/www.amatsuchi.be\/wp-content\/uploads\/2021\/07\/logocarrefacebookamatsuchijunior31.png\" alt=\"\" class=\"wp-image-777\" style=\"width:212px;height:188px\"\/><\/a><\/figure>\n<\/div><\/div>\n\n\n\n<div class=\"wp-block-jetpack-layout-grid-column wp-block-jetpack-layout-grid__padding-none\"><div class=\"wp-block-image\">\n<figure class=\"aligncenter size-large is-resized\"><a href=\"https:\/\/www.facebook.com\/amatsuchi.aikido\/\" target=\"_blank\" rel=\"noopener\"><img loading=\"lazy\" decoding=\"async\" width=\"212\" height=\"188\" src=\"https:\/\/www.amatsuchi.be\/wp-content\/uploads\/2021\/07\/logocarrefacebookamatsuchiprime311-1.png\" alt=\"\" class=\"wp-image-786\" style=\"width:212px;height:188px\"\/><\/a><\/figure>\n<\/div><\/div>\n<\/div>\n\n\n\n<p><\/p>\n\n\n\n<figure class=\"wp-block-image alignfull size-large\"><img loading=\"lazy\" decoding=\"async\" width=\"4258\" height=\"376\" src=\"https:\/\/www.amatsuchi.be\/wp-content\/uploads\/2021\/06\/fondsnoir-3.png\" alt=\"\" class=\"wp-image-249\"\/><\/figure>\n\n\n\n<figure class=\"wp-block-image alignfull size-large\"><img loading=\"lazy\" decoding=\"async\" width=\"4258\" height=\"204\" src=\"https:\/\/www.amatsuchi.be\/wp-content\/uploads\/2021\/07\/fondsmauveaslogo.png\" alt=\"\" class=\"wp-image-529\"\/><\/figure>\n\n\n\n<p><\/p>\n\n\n<div class=\"wp-block-image\">\n<figure class=\"aligncenter size-large\"><a href=\"https:\/\/www.amatsuchi.be\/?page_id=8\"><img loading=\"lazy\" decoding=\"async\" width=\"245\" height=\"239\" src=\"https:\/\/www.amatsuchi.be\/wp-content\/uploads\/2021\/07\/lien-bas-de-page-ama-tsu-chi.png\" alt=\"\" class=\"wp-image-527\"\/><\/a><\/figure>\n<\/div>\n\n\n<p class=\"has-text-align-center\"><strong>STAGES ET EVENEMENTS<\/strong><\/p>\n\n\n\n<figure class=\"wp-block-image alignfull size-large\"><img loading=\"lazy\" decoding=\"async\" width=\"4258\" height=\"376\" src=\"https:\/\/www.amatsuchi.be\/wp-content\/uploads\/2021\/06\/fondsnoir-3.png\" alt=\"\" class=\"wp-image-249\"\/><\/figure>\n\n\n\n<p><\/p>\n","protected":false},"excerpt":{"rendered":"<p>A\u00cfKIDO UN PEU D&#8217;HISTOIRE : MORIHEI UESHIBA L\u2019A\u00efkido a \u00e9t\u00e9 fond\u00e9 par Morihei Ueshiba. N\u00e9 le 14 d\u00e9cembre 1883, il \u00e9tait de faible constitution, souvent malade et tr\u00e8s nerveux. D\u00e8s son plus jeune \u00e2ge, il fut fortement attir\u00e9 par la religion. Ses parents l\u2019encourag\u00e8rent \u00e0 poursuivre des activit\u00e9s physiques, telles que le Sumo et la<a class=\"more-link\" href=\"https:\/\/www.amatsuchi.be\/\">Continue reading <span class=\"screen-reader-text\">&#8220;Accueil&#8221;<\/span><\/a><\/p>\n","protected":false},"author":2,"featured_media":0,"parent":0,"menu_order":1,"comment_status":"closed","ping_status":"closed","template":"","meta":{"footnotes":""},"class_list":["post-7","page","type-page","status-publish","hentry","entry"],"_links":{"self":[{"href":"https:\/\/www.amatsuchi.be\/index.php?rest_route=\/wp\/v2\/pages\/7","targetHints":{"allow":["GET"]}}],"collection":[{"href":"https:\/\/www.amatsuchi.be\/index.php?rest_route=\/wp\/v2\/pages"}],"about":[{"href":"https:\/\/www.amatsuchi.be\/index.php?rest_route=\/wp\/v2\/types\/page"}],"author":[{"embeddable":true,"href":"https:\/\/www.amatsuchi.be\/index.php?rest_route=\/wp\/v2\/users\/2"}],"replies":[{"embeddable":true,"href":"https:\/\/www.amatsuchi.be\/index.php?rest_route=%2Fwp%2Fv2%2Fcomments&post=7"}],"version-history":[{"count":36,"href":"https:\/\/www.amatsuchi.be\/index.php?rest_route=\/wp\/v2\/pages\/7\/revisions"}],"predecessor-version":[{"id":954,"href":"https:\/\/www.amatsuchi.be\/index.php?rest_route=\/wp\/v2\/pages\/7\/revisions\/954"}],"wp:attachment":[{"href":"https:\/\/www.amatsuchi.be\/index.php?rest_route=%2Fwp%2Fv2%2Fmedia&parent=7"}],"curies":[{"name":"wp","href":"https:\/\/api.w.org\/{rel}","templated":true}]}}